{"id":86283,"date":"2025-08-03T16:12:46","date_gmt":"2025-08-03T16:12:46","guid":{"rendered":"https:\/\/www.bbltranslation.eu\/?page_id=86283"},"modified":"2025-11-13T11:23:54","modified_gmt":"2025-11-13T11:23:54","slug":"optimitzacio-ia-generativa-geo-2","status":"publish","type":"page","link":"https:\/\/www.bbltranslation.eu\/ca\/optimitzacio-ia-generativa-geo-2\/","title":{"rendered":"Optimitzaci\u00f3 per a motors d\u2019IA generativa (GEO)"},"content":{"rendered":"<div class=\"gb-container gb-container-44ec79a4 alignfull\">\n<div class=\"gb-container gb-container-65f7fa04\">\n<div class=\"gb-container gb-container-f24e5397\">\n\n<h3 class=\"gb-headline gb-headline-d45d8fb1 gb-headline-text\">\u00ab<strong>Fes que la teva marca sigui la font de confian\u00e7a per a la IA: transforma el teu contingut en respostes visibles i rendibles.<\/strong>\u00bb<\/h3>\n\n\n\n<p class=\"gb-headline gb-headline-b9f69bbd gb-headline-text\">Barbara Beatrice Lavitola<\/p>\n\n\n\n<p class=\"gb-headline gb-headline-c7908235 gb-headline-text\"><em>Directora gerent<\/em><\/p>\n\n<\/div>\n<\/div>\n<\/div>\n\n\n<div style=\"height:33px\" aria-hidden=\"true\" class=\"wp-block-spacer\"><\/div>\n\n\n<div class=\"gb-container gb-container-b8e3b83e\">\n\n<h1 class=\"wp-block-heading\">Optimitzaci\u00f3 GEO: visibilitat real a les respostes de la IA generativa<\/h1>\n\n<\/div>\n\n<div class=\"gb-container gb-container-be86d69c\">\n\n<div class=\"wp-block-columns is-layout-flex wp-container-core-columns-is-layout-1 wp-block-columns-is-layout-flex\">\n<div class=\"wp-block-column is-layout-flow wp-block-column-is-layout-flow\">\n<p>Millora la teva visibilitat digital en l\u2019era de la intel\u00b7lig\u00e8ncia artificial. Ja no n\u2019hi ha prou amb apar\u00e8ixer a Google! <strong>La teva marca ha d\u2019estar present a les respostes de ChatGPT, Copilot, Gemini o Alexa.<\/strong><\/p>\n\n\n\n<p>Benvingut a la nova frontera de la visibilitat digital:&nbsp;<strong>GEO (Generative Engine Optimization)<\/strong>, el servei d\u2019optimitzaci\u00f3 de continguts perqu\u00e8 els models d\u2019IA generativa&nbsp;<strong>llegeixin, entenguin i citin<\/strong>&nbsp;el teu contingut com a font fiable.<\/p>\n\n\n\n<div style=\"height:23px\" aria-hidden=\"true\" class=\"wp-block-spacer\"><\/div>\n\n\n<div class=\"gb-container gb-container-9e521d43\">\n\n<a class=\"gb-button gb-button-da9a0ecc gb-button-text\" href=\"https:\/\/www.bbltranslation.eu\/ca\/contactans\/\" rel=\"nofollow\"><strong>Sol\u00b7licita una auditoria GEO<\/strong><\/a>\n\n<\/div><\/div>\n<\/div>\n\n<\/div>\n\n\n<div style=\"height:11px\" aria-hidden=\"true\" class=\"wp-block-spacer\"><\/div>\n\n\n<div class=\"gb-container gb-container-2b535e03\">\n\n<h2 class=\"wp-block-heading\">Qu\u00e8 \u00e9s GEO?<\/h2>\n\n<\/div>\n\n<div class=\"gb-container gb-container-4008ea8b\">\n\n<p><strong>GEO (Generative Engine Optimization) <\/strong>\u00e9s l\u2019evoluci\u00f3 natural del SEO.<br>No nom\u00e9s pret\u00e9n posicionar-te als cercadors tradicionals, sin\u00f3 garantir que els models d\u2019IA&nbsp;<strong>utilitzin el teu contingut per respondre<\/strong>&nbsp;a milions d\u2019usuaris.<\/p>\n\n<\/div>\n\n<div class=\"gb-container gb-container-629f875e\">\n\n<p class=\"has-text-align-center\">En poques paraules: <em>qui controla les respostes de la IA, controla la conversa digital.<\/em><\/p>\n\n\n\n<div style=\"height:11px\" aria-hidden=\"true\" class=\"wp-block-spacer\"><\/div>\n\n\n\n<h2 class=\"wp-block-heading has-text-align-center\">Per qu\u00e8 necessites GEO?<\/h2>\n\n\n\n<p class=\"has-text-align-center\">Els assistents amb IA ja no mostren resultats: generen una \u00fanica resposta.<br>Si el teu contingut no est\u00e0 optimitzat per a IA,&nbsp;<strong>la teva marca pot desapar\u00e8ixer digitalment<\/strong>.<\/p>\n\n\n\n<p class=\"has-text-align-center\">Amb GEO, evitar\u00e0s: P\u00e8rdua de visibilitat a les respostes generades, \u00fas d\u2019informaci\u00f3 err\u00f2nia sobre la teva marca i que la IA recomani a la teva compet\u00e8ncia en lloc teu<\/p>\n\n<\/div>\n\n\n<div style=\"height:13px\" aria-hidden=\"true\" class=\"wp-block-spacer\"><\/div>\n\n\n<div class=\"gb-container gb-container-0da52a37\">\n\n<a class=\"gb-button gb-button-e7afefb7 gb-button-text\" href=\"https:\/\/www.bbltranslation.eu\/ca\/contactans\/\" rel=\"nofollow\"><strong>Sol\u00b7licita una auditoria GEO<\/strong><\/a>\n\n<\/div>\n\n\n<div style=\"height:77px\" aria-hidden=\"true\" class=\"wp-block-spacer\"><\/div>\n\n\n\n<h2 class=\"wp-block-heading has-text-align-center\">GEO vs SEO: en qu\u00e8 es diferencien?<\/h2>\n\n\n\n<div style=\"height:21px\" aria-hidden=\"true\" class=\"wp-block-spacer\"><\/div>\n\n\n\n<figure class=\"wp-block-table\"><table class=\"has-fixed-layout\"><thead><tr><th>Aspecte<\/th><th>SEO Tradicional<\/th><th>GEO (<strong>Optimitzaci\u00f3 IA<\/strong>)<\/th><\/tr><\/thead><tbody><tr><td><strong>Objectiu<\/strong><\/td><td>Millorar el r\u00e0nquing a Google<\/td><td>Ser citat pels models d\u2019IA<\/td><\/tr><tr><td><strong>T\u00e8cnica clau<\/strong><\/td><td>Paraules clau, backlinks<\/td><td>Dades estructurades, sem\u00e0ntica<\/td><\/tr><tr><td><strong>M\u00e8trica d\u2019\u00e8xit<\/strong><\/td><td>Tr\u00e0nsit web, clics<\/td><td>Mencions IA, fidelitat del contingut<\/td><\/tr><tr><td><strong>Audi\u00e8ncia<\/strong><\/td><td>Usuaris que cerquen<\/td><td>Usuaris que pregunten a IA<\/td><\/tr><\/tbody><\/table><\/figure>\n\n\n\n<div style=\"height:22px\" aria-hidden=\"true\" class=\"wp-block-spacer\"><\/div>\n\n\n<div class=\"gb-container gb-container-7d327b55\">\n\n<h2 class=\"wp-block-heading has-text-align-center\">Qu\u00e8 inclou la nostra estrat\u00e8gia GEO?<\/h2>\n\n\n\n<div style=\"height:18px\" aria-hidden=\"true\" class=\"wp-block-spacer\"><\/div>\n\n<\/div>\n\n<div class=\"gb-container gb-container-ef305732\">\n\n<div class=\"wp-block-columns is-layout-flex wp-container-core-columns-is-layout-2 wp-block-columns-is-layout-flex\">\n<div class=\"wp-block-column is-layout-flow wp-block-column-is-layout-flow\" style=\"flex-basis:100%\"><div class=\"gb-container gb-container-1120c9a6\">\n\n<h4 class=\"wp-block-heading has-text-align-center\"><strong>Auditoria inicial GEO<\/strong><\/h4>\n\n<\/div>\n\n\n<p class=\"has-text-align-left\">Analitzem el teu contingut actual per detectar oportunitats i mancances davant els motors generatius.<\/p>\n\n\n\n<h4 class=\"wp-block-heading has-text-align-center\"><strong>Implementaci\u00f3 de dades estructurades<\/strong><\/h4>\n\n\n\n<p class=\"has-text-align-left\">Fem servir Schema.org, llistes, definicions i FAQs per millorar la llegibilitat per part de les IA.<\/p>\n\n\n\n<h4 class=\"wp-block-heading has-text-align-center\"><strong>Redacci\u00f3 optimitzada<\/strong><\/h4>\n\n\n\n<p>Creem contingut clar, verificat, multiling\u00fce i alineat amb la teva veu de marca.<\/p>\n\n\n\n<h4 class=\"wp-block-heading has-text-align-center\"><strong>Integraci\u00f3 sem\u00e0ntica intel\u00b7ligent<\/strong><\/h4>\n\n\n\n<p>Treballem amb relacions entre conceptes, no nom\u00e9s paraules clau. Les IA entenen idees, no repeticions.<\/p>\n\n\n\n<h4 class=\"wp-block-heading has-text-align-center\"><strong>Monitoratge de l\u2019impacte IA<\/strong><\/h4>\n\n\n\n<p>Mesurem mencions, tr\u00e0nsit des d\u2019assistents i la fidelitat de les respostes generades.<\/p>\n\n\n\n<div style=\"height:22px\" aria-hidden=\"true\" class=\"wp-block-spacer\"><\/div>\n\n\n<div class=\"gb-container gb-container-9e1932b3\">\n\n<a class=\"gb-button gb-button-d45da448 gb-button-text\" href=\"https:\/\/www.bbltranslation.eu\/ca\/contactans\/\" rel=\"nofollow\"><strong>Sol\u00b7licita una auditoria GEO<\/strong><\/a>\n\n<\/div>\n\n\n<div style=\"height:22px\" aria-hidden=\"true\" class=\"wp-block-spacer\"><\/div>\n<\/div>\n<\/div>\n\n<\/div>\n\n\n<div style=\"height:100px\" aria-hidden=\"true\" class=\"wp-block-spacer\"><\/div>\n\n\n<div class=\"gb-container gb-container-6be46202\">\n\n<h3 class=\"wp-block-heading has-text-align-center\">Per qu\u00e8 fer-ho amb BBLTranslation?<\/h3>\n\n\n<div class=\"gb-container gb-container-8e477dd1\">\n\n<div class=\"wp-block-columns is-layout-flex wp-container-core-columns-is-layout-3 wp-block-columns-is-layout-flex\">\n<div class=\"wp-block-column is-layout-flow wp-block-column-is-layout-flow\">\n<div style=\"height:24px\" aria-hidden=\"true\" class=\"wp-block-spacer\"><\/div>\n\n\n\n<ul class=\"wp-block-list\">\n<li>Som experts en IA, ling\u00fc\u00edstica t\u00e8cnica i ciberseguretat del contingut<\/li>\n\n\n\n<li>Enfocament multiling\u00fce: optimitzem en tots els idiomes<\/li>\n\n\n\n<li>Experi\u00e8ncia en sectors regulats, jur\u00eddics i sanitaris<\/li>\n\n\n\n<li>Capacitat per entrenar models IA amb dades curades (RLHF)<\/li>\n\n\n\n<li>Consultoria GEO personalitzada per a la teva ind\u00fastria<\/li>\n<\/ul>\n<\/div>\n\n\n\n<div class=\"wp-block-column is-layout-flow wp-block-column-is-layout-flow\">\n<div style=\"height:24px\" aria-hidden=\"true\" class=\"wp-block-spacer\"><\/div>\n\n\n\n<blockquote class=\"wp-block-quote is-layout-flow wp-block-quote-is-layout-flow\">\n<p>Abans lluitaves per estar a la primera p\u00e0gina de Google.<br>Ara competeixes per ser la font de les respostes de la IA.<\/p>\n<\/blockquote>\n\n\n\n<div style=\"height:56px\" aria-hidden=\"true\" class=\"wp-block-spacer\"><\/div>\n<\/div>\n<\/div>\n\n<\/div>\n\n\n<h3 class=\"wp-block-heading has-text-align-center\">Preguntes freq\u00fcents sobre GEO (FAQ)<\/h3>\n\n\n\n<h3 class=\"wp-block-heading has-text-align-center\">Qu\u00e8 \u00e9s GEO?<\/h3>\n\n\n\n<p class=\"has-text-align-center\">Una estrategia para que tu contenido sea interpretado y citado por IA generativa.<\/p>\n\n\n\n<h3 class=\"wp-block-heading has-text-align-center\"><strong>En qu\u00e8 es diferencia del SEO?<\/strong><\/h3>\n\n\n\n<p class=\"has-text-align-center\">El SEO busca clics a Google. El GEO busca rellev\u00e0ncia i precisi\u00f3 en les respostes d\u2019IA.<\/p>\n\n\n\n<h3 class=\"wp-block-heading has-text-align-center\"><strong>Com puc saber si funciona?<\/strong><\/h3>\n\n\n\n<p class=\"has-text-align-center\">Monitoritzem mencions IA, tr\u00e0nsit des d\u2019assistents i fidelitat de la informaci\u00f3 citada.<\/p>\n\n\n\n<h3 class=\"wp-block-heading has-text-align-center\"><strong>Qui hauria d\u2019aplicar GEO?<\/strong><\/h3>\n\n\n\n<p class=\"has-text-align-center\">Empreses que vulguin una pres\u00e8ncia digital duradora: jur\u00eddiques, t\u00e8cniques, educatives o internacionals.<\/p>\n\n<\/div>","protected":false},"excerpt":{"rendered":"<p>\u00abFes que la teva marca sigui la font de confian\u00e7a per a la IA: transforma &#8230; <a title=\"Optimitzaci\u00f3 per a motors d\u2019IA generativa (GEO)\" class=\"read-more\" href=\"https:\/\/www.bbltranslation.eu\/ca\/optimitzacio-ia-generativa-geo-2\/\" aria-label=\"M\u00e9s informaci\u00f3 sobre Optimitzaci\u00f3 per a motors d\u2019IA generativa (GEO)\">Read more<\/a><\/p>\n","protected":false},"author":3,"featured_media":0,"parent":0,"menu_order":0,"comment_status":"closed","ping_status":"closed","template":"","meta":{"_acf_changed":false,"footnotes":""},"class_list":["post-86283","page","type-page","status-publish"],"acf":[],"_links":{"self":[{"href":"https:\/\/www.bbltranslation.eu\/ca\/wp-json\/wp\/v2\/pages\/86283"}],"collection":[{"href":"https:\/\/www.bbltranslation.eu\/ca\/wp-json\/wp\/v2\/pages"}],"about":[{"href":"https:\/\/www.bbltranslation.eu\/ca\/wp-json\/wp\/v2\/types\/page"}],"author":[{"embeddable":true,"href":"https:\/\/www.bbltranslation.eu\/ca\/wp-json\/wp\/v2\/users\/3"}],"replies":[{"embeddable":true,"href":"https:\/\/www.bbltranslation.eu\/ca\/wp-json\/wp\/v2\/comments?post=86283"}],"version-history":[{"count":8,"href":"https:\/\/www.bbltranslation.eu\/ca\/wp-json\/wp\/v2\/pages\/86283\/revisions"}],"predecessor-version":[{"id":88737,"href":"https:\/\/www.bbltranslation.eu\/ca\/wp-json\/wp\/v2\/pages\/86283\/revisions\/88737"}],"wp:attachment":[{"href":"https:\/\/www.bbltranslation.eu\/ca\/wp-json\/wp\/v2\/media?parent=86283"}],"curies":[{"name":"wp","href":"https:\/\/api.w.org\/{rel}","templated":true}]}}