{"id":14258,"date":"2020-02-24T21:16:01","date_gmt":"2020-02-24T21:16:01","guid":{"rendered":"https:\/\/www.bbltranslation.eu\/?page_id=14258"},"modified":"2024-05-17T08:02:06","modified_gmt":"2024-05-17T08:02:06","slug":"serveis-traduccio","status":"publish","type":"page","link":"https:\/\/www.bbltranslation.eu\/ca\/serveis-traduccio\/","title":{"rendered":"Els nostres serveis de traducci\u00f3"},"content":{"rendered":"<div class=\"gb-container gb-container-44ec79a4 alignfull\">\n<div class=\"gb-container gb-container-65f7fa04\">\n<div class=\"gb-container gb-container-f24e5397\">\n\n<h3 class=\"gb-headline gb-headline-d45d8fb1 gb-headline-text\">\u00abLes traduccions s\u00f3n la porta que et duu directament a l&#8217;\u00e8xit: inverteix en traduccions que aportin beneficis al teu negoci\u00bb<\/h3>\n\n\n\n<p class=\"gb-headline gb-headline-b9f69bbd gb-headline-text\">Barbara Beatrice Lavitola<\/p>\n\n\n\n<p class=\"gb-headline gb-headline-c7908235 gb-headline-text\"><em>Directora gerent<\/em><\/p>\n\n<\/div>\n<\/div>\n<\/div>\n\n<div class=\"gb-container gb-container-9de838bf alignfull\">\n<div class=\"gb-container gb-container-7bedd43e\">\n\n<p class=\"gb-headline gb-headline-383c365a gb-headline-text\">Aconsegueix clients internacionals amb traduccions de qualitat, redactades estrat\u00e8gicament, i no deixis escapar cap oportunitat de mercat amb la interpretaci\u00f3 telef\u00f2nica o a dist\u00e0ncia.<\/p>\n\n<\/div>\n<\/div>\n\n<div class=\"gb-container gb-container-11a44f14 alignfull\">\n<section class=\"gb-container gb-container-9a442c70\">\n<div class=\"gb-grid-wrapper gb-grid-wrapper-7fb0f988\">\n<div class=\"gb-grid-column gb-grid-column-7a846cec\"><div class=\"gb-container gb-container-7a846cec\">\n<div class=\"gb-container gb-container-22b18cff\" style=\"background-image: url(https:\/\/www.bbltranslation.eu\/wp-content\/uploads\/2020\/09\/FIRMA-DIGITAL-300x300.png);\"><a class=\"gb-container-link\" href=\"https:\/\/www.bbltranslation.eu\/ca\/servei\/traduccio-jurada-amb-signatura-digital\/\"><\/a><\/div>\n\n\n<h3 class=\"gb-headline gb-headline-7285584e gb-headline-text\"><a href=\"https:\/\/www.bbltranslation.eu\/ca\/servei\/traduccio-jurada-amb-signatura-digital\/\">Traducci\u00f3 jurada amb signatura digital<\/a><\/h3>\n\n<\/div><\/div>\n\n<div class=\"gb-grid-column gb-grid-column-e8145989\"><div class=\"gb-container gb-container-e8145989\">\n<div class=\"gb-container gb-container-80501e2b\" style=\"background-image: url(https:\/\/www.bbltranslation.eu\/wp-content\/uploads\/2020\/02\/medical_desk-300x169.png);\"><a class=\"gb-container-link\" href=\"https:\/\/www.bbltranslation.eu\/ca\/servei\/traduccio-medica\/\"><\/a><\/div>\n\n\n<h3 class=\"gb-headline gb-headline-5a2b4eaa gb-headline-text\"><a href=\"https:\/\/www.bbltranslation.eu\/ca\/servei\/traduccio-medica\/\">Traducci\u00f3 m\u00e8dica<\/a><\/h3>\n\n<\/div><\/div>\n\n<div class=\"gb-grid-column gb-grid-column-5bfd08de\"><div class=\"gb-container gb-container-5bfd08de\">\n<div class=\"gb-container gb-container-0740c2f5\" style=\"background-image: url(https:\/\/www.bbltranslation.eu\/wp-content\/uploads\/2020\/02\/app_store-300x193.png);\"><a class=\"gb-container-link\" href=\"https:\/\/www.bbltranslation.eu\/ca\/servei\/traduccio-apps\/\"><\/a><\/div>\n\n\n<h3 class=\"gb-headline gb-headline-09c7b6c7 gb-headline-text\"><a href=\"https:\/\/www.bbltranslation.eu\/ca\/servei\/traduccio-apps\/\">Traducci\u00f3 d\u2019apps<\/a><\/h3>\n\n<\/div><\/div>\n\n<div class=\"gb-grid-column gb-grid-column-bc857522\"><div class=\"gb-container gb-container-bc857522\">\n<div class=\"gb-container gb-container-1feccb9a\" style=\"background-image: url(https:\/\/www.bbltranslation.eu\/wp-content\/uploads\/2020\/02\/ship-port-cranes-768x510.jpeg);\"><a class=\"gb-container-link\" href=\"https:\/\/www.bbltranslation.eu\/ca\/servei\/traduccions-nautiques\/\"><\/a><\/div>\n\n\n<h3 class=\"gb-headline gb-headline-2e1d3418 gb-headline-text\"><a href=\"https:\/\/www.bbltranslation.eu\/ca\/servei\/traduccions-nautiques\/\">Traduccions n\u00e0utiques<\/a><\/h3>\n\n<\/div><\/div>\n\n<div class=\"gb-grid-column gb-grid-column-9e5f582a\"><div class=\"gb-container gb-container-9e5f582a\">\n<div class=\"gb-container gb-container-da3e47c1\" style=\"background-image: url(https:\/\/www.bbltranslation.eu\/wp-content\/uploads\/2024\/03\/Traducciones-Inmobiliarias.jpg);\"><a class=\"gb-container-link\" href=\"https:\/\/www.bbltranslation.eu\/ca\/servei\/traduccions-immobiliaries\/\"><\/a><\/div>\n\n\n<h3 class=\"gb-headline gb-headline-0b45482c gb-headline-text\"><a href=\"https:\/\/www.bbltranslation.eu\/ca\/servei\/traduccions-immobiliaries\/\">Traduccions immobili\u00e0ries<\/a><\/h3>\n\n<\/div><\/div>\n\n<div class=\"gb-grid-column gb-grid-column-bbddff73\"><div class=\"gb-container gb-container-bbddff73\">\n<div class=\"gb-container gb-container-01f0d856\" style=\"background-image: url(https:\/\/www.bbltranslation.eu\/wp-content\/uploads\/2020\/02\/buildings-768x496.jpg);\"><a class=\"gb-container-link\" href=\"https:\/\/www.bbltranslation.eu\/ca\/servei\/traduccio-juridica-i-financera\/\"><\/a><\/div>\n\n\n<h3 class=\"gb-headline gb-headline-86745847 gb-headline-text\"><a href=\"https:\/\/www.bbltranslation.eu\/ca\/servei\/traduccio-juridica-i-financera\/\">Traducci\u00f3 jur\u00eddica i financera<\/a><\/h3>\n\n<\/div><\/div>\n\n<div class=\"gb-grid-column gb-grid-column-b1601352\"><div class=\"gb-container gb-container-b1601352\">\n<div class=\"gb-container gb-container-2962a5dd\" style=\"background-image: url(https:\/\/www.bbltranslation.eu\/wp-content\/uploads\/2020\/02\/create-flyers-768x240.jpg);\"><a class=\"gb-container-link\" href=\"https:\/\/www.bbltranslation.eu\/ca\/servei\/traduccio-publicitaria\/\"><\/a><\/div>\n\n\n<h3 class=\"gb-headline gb-headline-025960ef gb-headline-text\"><a href=\"https:\/\/www.bbltranslation.eu\/ca\/servei\/traduccio-publicitaria\/\">Traducci\u00f3 publicit\u00e0ria<\/a><\/h3>\n\n<\/div><\/div>\n\n<div class=\"gb-grid-column gb-grid-column-d7cdf535\"><div class=\"gb-container gb-container-d7cdf535\">\n<div class=\"gb-container gb-container-a3226a30\" style=\"background-image: url(https:\/\/www.bbltranslation.eu\/wp-content\/uploads\/2020\/02\/travel_background-768x431.png);\"><a class=\"gb-container-link\" href=\"https:\/\/www.bbltranslation.eu\/ca\/servei\/traduccio-turistica\/\"><\/a><\/div>\n\n\n<h3 class=\"gb-headline gb-headline-c046a761 gb-headline-text\"><a href=\"https:\/\/www.bbltranslation.eu\/ca\/servei\/traduccio-turistica\/\">Traducci\u00f3 tur\u00edstica<\/a><\/h3>\n\n<\/div><\/div>\n\n<div class=\"gb-grid-column gb-grid-column-33d7d2c9\"><div class=\"gb-container gb-container-33d7d2c9\">\n<div class=\"gb-container gb-container-db393c7d\" style=\"background-image: url(https:\/\/www.bbltranslation.eu\/wp-content\/uploads\/2020\/02\/lawgupshup-call-for-paper-1.jpg);\"><a class=\"gb-container-link\" href=\"https:\/\/www.bbltranslation.eu\/ca\/servei\/traduccio-jurada\/\"><\/a><\/div>\n\n\n<h3 class=\"gb-headline gb-headline-554085e3 gb-headline-text\"><a href=\"https:\/\/www.bbltranslation.eu\/ca\/servei\/traduccio-jurada\/\">Traducci\u00f3 jurada<\/a><\/h3>\n\n<\/div><\/div>\n\n<div class=\"gb-grid-column gb-grid-column-e696dd05\"><div class=\"gb-container gb-container-e696dd05\">\n<div class=\"gb-container gb-container-7d0731a2\" style=\"background-image: url(https:\/\/www.bbltranslation.eu\/wp-content\/uploads\/2020\/02\/WordPress-Translation.jpg);\"><a class=\"gb-container-link\" href=\"https:\/\/www.bbltranslation.eu\/ca\/servei\/traduccions-des-del-cms\/\"><\/a><\/div>\n\n\n<h3 class=\"gb-headline gb-headline-c2553d11 gb-headline-text\"><a href=\"https:\/\/www.bbltranslation.eu\/ca\/servei\/traduccions-des-del-cms\/\">Traduccions des del CMS<\/a><\/h3>\n\n<\/div><\/div>\n\n<div class=\"gb-grid-column gb-grid-column-852495bc\"><div class=\"gb-container gb-container-852495bc\">\n<div class=\"gb-container gb-container-bc4b4f45\" style=\"background-image: url(https:\/\/www.bbltranslation.eu\/wp-content\/uploads\/2020\/02\/rollercoaster_bbl_translation-768x492.png);\"><a class=\"gb-container-link\" href=\"https:\/\/www.bbltranslation.eu\/ca\/servei\/traduccions-per-a-parcs-datraccions-i-parcs-tematics\/\"><\/a><\/div>\n\n\n<h3 class=\"gb-headline gb-headline-843d10f6 gb-headline-text\"><a href=\"https:\/\/www.bbltranslation.eu\/ca\/servei\/traduccions-per-a-parcs-datraccions-i-parcs-tematics\/\">Traduccions per a parcs d\u2019atraccions i parcs tem\u00e0tics<\/a><\/h3>\n\n<\/div><\/div>\n\n<div class=\"gb-grid-column gb-grid-column-535903f5\"><div class=\"gb-container gb-container-535903f5\">\n<div class=\"gb-container gb-container-dc873c59\" style=\"background-image: url(https:\/\/www.bbltranslation.eu\/wp-content\/uploads\/2024\/04\/Technical-Translation.jpg);\"><a class=\"gb-container-link\" href=\"https:\/\/www.bbltranslation.eu\/ca\/servei\/traduccio-tecnica\/\"><\/a><\/div>\n\n\n<h3 class=\"gb-headline gb-headline-8c91a4aa gb-headline-text\"><a href=\"https:\/\/www.bbltranslation.eu\/ca\/servei\/traduccio-tecnica\/\">Traducci\u00f3 t\u00e8cnica i del sector de les energies renovables<\/a><\/h3>\n\n<\/div><\/div>\n\n<div class=\"gb-grid-column gb-grid-column-629d410e\"><div class=\"gb-container gb-container-629d410e\">\n<div class=\"gb-container gb-container-6931d6b6\" style=\"background-image: url(https:\/\/www.bbltranslation.eu\/wp-content\/uploads\/2020\/02\/Editorial-Mockup-1.jpg);\"><a class=\"gb-container-link\" href=\"https:\/\/www.bbltranslation.eu\/ca\/servei\/copytranslations-i-maquetacio\/\"><\/a><\/div>\n\n\n<h3 class=\"gb-headline gb-headline-a9678ab1 gb-headline-text\"><a href=\"https:\/\/www.bbltranslation.eu\/ca\/servei\/copytranslations-i-maquetacio\/\"><em>Copytranslations<\/em> i maquetaci\u00f3<\/a><\/h3>\n\n<\/div><\/div>\n\n<div class=\"gb-grid-column gb-grid-column-29dd825e\"><div class=\"gb-container gb-container-29dd825e\">\n<div class=\"gb-container gb-container-b34b5cc4\" style=\"background-image: url(https:\/\/www.bbltranslation.eu\/wp-content\/uploads\/2024\/04\/Food-Label-Translation-1.jpg);\"><a class=\"gb-container-link\" href=\"https:\/\/www.bbltranslation.eu\/ca\/servei\/traduccio-etiquetatge-aliments\/\"><\/a><\/div>\n\n\n<h3 class=\"gb-headline gb-headline-508f7dfd gb-headline-text\"><a href=\"https:\/\/www.bbltranslation.eu\/ca\/servei\/traduccio-etiquetatge-aliments\/\">Etiquetatge d\u2019aliments<\/a><\/h3>\n\n<\/div><\/div>\n\n<div class=\"gb-grid-column gb-grid-column-20f0012d\"><div class=\"gb-container gb-container-20f0012d\">\n<div class=\"gb-container gb-container-35cca06e\" style=\"background-image: url(https:\/\/www.bbltranslation.eu\/wp-content\/uploads\/2024\/04\/Pacto-Mundial-BBL.jpg);\"><a class=\"gb-container-link\" href=\"https:\/\/www.bbltranslation.eu\/ca\/servei\/esg-i-memories-de-sostenibilitat\/\"><\/a><\/div>\n\n\n<h3 class=\"gb-headline gb-headline-85065e8f gb-headline-text\"><a href=\"https:\/\/www.bbltranslation.eu\/ca\/servei\/esg-i-memories-de-sostenibilitat\/\">ESG i mem\u00f2ries de sostenibilitat<\/a><\/h3>\n\n<\/div><\/div>\n<\/div>\n\n<div class=\"gb-container gb-container-fa90898b\">\n\n<p class=\"gb-headline gb-headline-bf40ccad gb-headline-text\">Com estalvio en les meves traduccions? <strong><a href=\"https:\/\/www.bbltranslation.eu\/ca\/contactans\/\">Demana\u2019ns un pressupost sense comprom\u00eds<\/a><\/strong>.<\/p>\n\n<\/div>\n<\/section>\n<\/div>","protected":false},"excerpt":{"rendered":"<p>\u00abLes traduccions s\u00f3n la porta que et duu directament a l&#8217;\u00e8xit: inverteix en traduccions que &#8230; <a title=\"Els nostres serveis de traducci\u00f3\" class=\"read-more\" href=\"https:\/\/www.bbltranslation.eu\/ca\/serveis-traduccio\/\" aria-label=\"M\u00e9s informaci\u00f3 sobre Els nostres serveis de traducci\u00f3\">Read more<\/a><\/p>\n","protected":false},"author":3,"featured_media":0,"parent":0,"menu_order":0,"comment_status":"closed","ping_status":"closed","template":"","meta":{"_acf_changed":false,"footnotes":""},"class_list":["post-14258","page","type-page","status-publish"],"acf":[],"_links":{"self":[{"href":"https:\/\/www.bbltranslation.eu\/ca\/wp-json\/wp\/v2\/pages\/14258"}],"collection":[{"href":"https:\/\/www.bbltranslation.eu\/ca\/wp-json\/wp\/v2\/pages"}],"about":[{"href":"https:\/\/www.bbltranslation.eu\/ca\/wp-json\/wp\/v2\/types\/page"}],"author":[{"embeddable":true,"href":"https:\/\/www.bbltranslation.eu\/ca\/wp-json\/wp\/v2\/users\/3"}],"replies":[{"embeddable":true,"href":"https:\/\/www.bbltranslation.eu\/ca\/wp-json\/wp\/v2\/comments?post=14258"}],"version-history":[{"count":9,"href":"https:\/\/www.bbltranslation.eu\/ca\/wp-json\/wp\/v2\/pages\/14258\/revisions"}],"predecessor-version":[{"id":81510,"href":"https:\/\/www.bbltranslation.eu\/ca\/wp-json\/wp\/v2\/pages\/14258\/revisions\/81510"}],"wp:attachment":[{"href":"https:\/\/www.bbltranslation.eu\/ca\/wp-json\/wp\/v2\/media?parent=14258"}],"curies":[{"name":"wp","href":"https:\/\/api.w.org\/{rel}","templated":true}]}}